{"id":39,"date":"2016-01-02T19:14:51","date_gmt":"2016-01-02T18:14:51","guid":{"rendered":"http:\/\/rominov.fr\/\/?page_id=39"},"modified":"2016-03-15T20:26:14","modified_gmt":"2016-03-15T19:26:14","slug":"calendrier","status":"publish","type":"page","link":"https:\/\/rominov.fr\/?page_id=39","title":{"rendered":"Programmation"},"content":{"rendered":"<div id=\"pl-39\"  class=\"panel-layout\" ><div id=\"pg-39-0\"  class=\"panel-grid panel-has-style\" ><div class=\"panel-row-style panel-row-style-for-39-0\" ><div id=\"pgc-39-0-0\"  class=\"panel-grid-cell\" ><div id=\"panel-39-0-0-0\" class=\"so-panel widget widget_sow-editor panel-first-child panel-last-child\" data-index=\"0\" ><div\n\t\t\t\n\t\t\tclass=\"so-widget-sow-editor so-widget-sow-editor-base\"\n\t\t\t\n\t\t>\n<div class=\"siteorigin-widget-tinymce textwidget\">\n\t<p>Programmation \u00e0 venir. C'est un peu des streams \u00e0 l'arrache en ce moment. Je n'ai pas le temps d'\u00eatre r\u00e9gulier.<\/p>\n<\/div>\n<\/div><\/div><\/div><\/div><\/div><\/div>","protected":false},"excerpt":{"rendered":"<p>Programmation \u00e0 venir. C&#8217;est un peu des streams \u00e0 l&#8217;arrache en ce moment. Je n&#8217;ai pas le temps d&#8217;\u00eatre r\u00e9gulier.<\/p>\n","protected":false},"author":1,"featured_media":0,"parent":0,"menu_order":0,"comment_status":"closed","ping_status":"closed","template":"page-templates\/page_front-page.php","meta":[],"_links":{"self":[{"href":"https:\/\/rominov.fr\/index.php?rest_route=\/wp\/v2\/pages\/39"}],"collection":[{"href":"https:\/\/rominov.fr\/index.php?rest_route=\/wp\/v2\/pages"}],"about":[{"href":"https:\/\/rominov.fr\/index.php?rest_route=\/wp\/v2\/types\/page"}],"author":[{"embeddable":true,"href":"https:\/\/rominov.fr\/index.php?rest_route=\/wp\/v2\/users\/1"}],"replies":[{"embeddable":true,"href":"https:\/\/rominov.fr\/index.php?rest_route=%2Fwp%2Fv2%2Fcomments&post=39"}],"version-history":[{"count":10,"href":"https:\/\/rominov.fr\/index.php?rest_route=\/wp\/v2\/pages\/39\/revisions"}],"predecessor-version":[{"id":106,"href":"https:\/\/rominov.fr\/index.php?rest_route=\/wp\/v2\/pages\/39\/revisions\/106"}],"wp:attachment":[{"href":"https:\/\/rominov.fr\/index.php?rest_route=%2Fwp%2Fv2%2Fmedia&parent=39"}],"curies":[{"name":"wp","href":"https:\/\/api.w.org\/{rel}","templated":true}]}}